{"id":979,"date":"2020-03-02T16:02:12","date_gmt":"2020-03-02T15:02:12","guid":{"rendered":"https:\/\/wellermotor.de\/the-inventor\/"},"modified":"2020-09-23T13:49:28","modified_gmt":"2020-09-23T11:49:28","slug":"the-inventor","status":"publish","type":"page","link":"https:\/\/wellermotor.de\/en\/the-inventor\/","title":{"rendered":"Inventor-Traugott Weller"},"content":{"rendered":"[et_pb_section fb_built=&#8221;1&#8243; _builder_version=&#8221;4.1&#8243; background_color=&#8221;#f5f5f5&#8243; custom_margin=&#8221;||20px|||&#8221; custom_padding=&#8221;6px||7px|||&#8221; border_width_top=&#8221;5px&#8221; border_color_top=&#8221;#977f51&#8243;][et_pb_row column_structure=&#8221;2_5,3_5&#8243; custom_padding_last_edited=&#8221;on|desktop&#8221; _builder_version=&#8221;4.2&#8243; background_enable_color=&#8221;off&#8221; custom_margin_tablet=&#8221;&#8221; custom_margin_phone=&#8221;&#8221; custom_margin_last_edited=&#8221;on|phone&#8221; custom_padding=&#8221;||||false|false&#8221; custom_padding_tablet=&#8221;&#8221; custom_padding_phone=&#8221;1px||1px||false|false&#8221; border_radii=&#8221;off|50px|0px|0px|50px&#8221;][et_pb_column type=&#8221;2_5&#8243; _builder_version=&#8221;4.1&#8243; background_enable_color=&#8221;off&#8221; z_index=&#8221;0&#8243;][et_pb_text _builder_version=&#8221;4.2&#8243; header_font=&#8221;||||||||&#8221; header_text_align=&#8221;center&#8221; custom_padding=&#8221;20px||||false|false&#8221; animation_style=&#8221;bounce&#8221; header_font_size_tablet=&#8221;&#8221; header_font_size_phone=&#8221;&#8221; header_font_size_last_edited=&#8221;on|phone&#8221; header_text_shadow_style=&#8221;preset1&#8243;]\n<h1>The Weller technology<\/h1>\n[\/et_pb_text][\/et_pb_column][et_pb_column type=&#8221;3_5&#8243; _builder_version=&#8221;4.1&#8243; background_enable_color=&#8221;off&#8221; z_index=&#8221;0&#8243;][et_pb_text _builder_version=&#8221;4.2&#8243; text_font_size=&#8221;20px&#8221; text_line_height=&#8221;1.8em&#8221; text_orientation=&#8221;center&#8221; custom_padding=&#8221;|20px|20px|20px|false|false&#8221; text_font_size_tablet=&#8221;&#8221; text_font_size_phone=&#8221;18px&#8221; text_font_size_last_edited=&#8221;on|desktop&#8221;]\n<p>is an innovative and internationally patented process for the manufacturing of rotating electrical machines.<\/p>\n[\/et_pb_text][\/et_pb_column][\/et_pb_row][\/et_pb_section][et_pb_section fb_built=&#8221;1&#8243; _builder_version=&#8221;4.1&#8243; background_color=&#8221;#f5f5f5&#8243; background_image=&#8221;https:\/\/wellermotor.de\/wp-content\/uploads\/2020\/01\/Traugott-Weller.jpg&#8221; background_size=&#8221;initial&#8221; custom_margin=&#8221;-14px|||||&#8221; custom_padding=&#8221;17px||0px|||&#8221; top_divider_style=&#8221;arrow&#8221; top_divider_color=&#8221;#e09900&#8243; top_divider_height=&#8221;23px&#8221; border_width_bottom=&#8221;5px&#8221; border_color_bottom=&#8221;#977f51&#8243;][et_pb_row custom_padding_last_edited=&#8221;on|phone&#8221; _builder_version=&#8221;4.2&#8243; background_enable_color=&#8221;off&#8221; background_enable_image=&#8221;off&#8221; background_position=&#8221;top_center&#8221; custom_margin=&#8221;1px||||false|false&#8221; custom_padding=&#8221;|0px|||false|false&#8221; custom_padding_tablet=&#8221;&#8221; custom_padding_phone=&#8221;0px|0px|8px||false|false&#8221;][et_pb_column type=&#8221;4_4&#8243; _builder_version=&#8221;4.1&#8243;][et_pb_text content_tablet=&#8221;&#8221; content_phone=&#8221;<\/p>\n<h2>Der Erfinder<\/h2>\n<h2>Traugott Weller<\/h2>\n<\/p>\n<p>Der gelernte Fernsehtechniker war seit dem Berufsabschluss bei Geophysik Leipzig besch\u00e4ftigt und arbeitete im Bereich der digitalen Elektronik und Entwicklung radiometrischer Messtechnik.<\/p>\n<p>F\u00fcr besondere Entwicklungsleistungen erhielt er schon in jungen Jahren vom Oberb\u00fcrgermeister der Stadt Leipzig und der Bezirksleitung Leipzig hohe Anerkennung.<\/p>\n<p>Nach der Wende geht er nach \u00d6sterreich und ist in einer Firma f\u00fcr Funksteuerungen in der Entwicklung t\u00e4tig.<\/p>\n<p>Aber schon bald gr\u00fcndet er zusammen mit seiner Frau Susanne in Sachsen eine Firma f\u00fcr Funk und Antriebstechnik.<br \/> F\u00fcr innovative Entwicklungen, besonders in der mechanischen Antriebstechnik, bietet der Markt keine ausreichende Komponenten.<br \/> Ein neuer, besserer Elektromotor wird ben\u00f6tigt, aber zusammen mit einem speziellen Ingenieurb\u00fcro und einer technischen Universit\u00e4t haben sie nichts gefunden.<\/p>\n<p>Die Luftspaltwicklung scheint ideal, l\u00e4sst sich aber nicht herstellen.<\/p>\n<p>Es muss doch gehen ! Die Eingebung kommt dem Techniker in seinem privaten Arbeitszimmer bei offenem Fenster an einem sp\u00e4ten Sommerabend. War es ein Engel, der diesen Ratschlag leise zugefl\u00fcstert hat ?<\/p>\n<p>Herr Weller ist von dieser Erkl\u00e4rung zum Verlauf zur L\u00f6sung sehr \u00fcberzeugt und m\u00f6chte die neue Technologie nun zur breiten Anwendung bringen.<\/p>\n<p>&#8221; content_last_edited=&#8221;on|phone&#8221; _builder_version=&#8221;4.2&#8243; text_text_color=&#8221;#282828&#8243; header_2_text_align=&#8221;center&#8221; background_color=&#8221;rgba(245,245,245,0.85)&#8221; custom_margin=&#8221;||||false|false&#8221; custom_padding=&#8221;51px|7px|51px|50px|false|false&#8221; custom_padding_tablet=&#8221;&#8221; custom_padding_phone=&#8221;|20px|51px|20px|false|false&#8221; custom_padding_last_edited=&#8221;on|phone&#8221; header_2_font_size_tablet=&#8221;&#8221; header_2_font_size_phone=&#8221;22px&#8221; header_2_font_size_last_edited=&#8221;on|phone&#8221;]\n<h2>The inventor Traugott Weller<\/h2>\n<p>&nbsp;<\/p>\n<p>The trained television technician was employed at Geophysik Leipzig after graduating and worked in the field of digital electronics and development of radiometric measurement technology.<\/p>\n<p>When he was young, he was recognised by the Lord Mayor of the City of Leipzig and the Leipzig district management for his outstanding achievements in innovation.<\/p>\n<p>After German reunification, he went to Austria and worked in a company for radio control systems in the development department.<\/p>\n<p>But soon he and his wife Susanne founded a company for radio and drive technology in Saxony.<br \/> For innovative designs, especially in mechanical drive technology, the market did not offer sufficient choices.<br \/> There was a need for a new and improved electric motor, however, even the specialised engineering company in cooperation with a technical university was not able to find a satisfactory solution.<\/p>\n<p>While air gap winding seemed ideal, it could not be produced.<\/p>\n<p>But there had to be a way! Inspiration struck the engineer while sitting in his private study with an open window on a late summer evening. Was it from an angel, who whispered in his ear?<\/p>\n<p>Mr. Weller insists this is how this solution was developed and he now wants this new technology to be widely used.<\/p>\n[\/et_pb_text][\/et_pb_column][\/et_pb_row][\/et_pb_section][et_pb_section fb_built=&#8221;1&#8243; _builder_version=&#8221;4.1&#8243; background_color=&#8221;#666666&#8243; custom_padding=&#8221;9px||5px|||&#8221;][et_pb_row column_structure=&#8221;2_5,3_5&#8243; _builder_version=&#8221;4.1&#8243; custom_margin=&#8221;|auto||auto|false|false&#8221; custom_padding=&#8221;20px||20px||false|false&#8221;][et_pb_column type=&#8221;2_5&#8243; _builder_version=&#8221;4.1&#8243;][\/et_pb_column][et_pb_column type=&#8221;3_5&#8243; _builder_version=&#8221;4.1&#8243;][et_pb_text _builder_version=&#8221;4.6.0&#8243; link_text_align=&#8221;right&#8221; link_text_color=&#8221;#f5f5f5&#8243; text_orientation=&#8221;right&#8221; hover_enabled=&#8221;0&#8243; text_orientation_tablet=&#8221;&#8221; text_orientation_phone=&#8221;center&#8221; text_orientation_last_edited=&#8221;on|phone&#8221; sticky_enabled=&#8221;0&#8243;]\n<p><a href=\"https:\/\/wellermotor.de\/en\/legal-notice\/\">IMPRINT<\/a>\u00a0<span style=\"color: #ffffff;\"> |\u00a0<\/span> <a href=\"https:\/\/wellermotor.de\/en\/data-protection\/\">DATA PROTECTION\u00a0 <span style=\"color: #ffffff;\"> |\u00a0<\/span> \u00a0<\/a><a href=\"https:\/\/wellermotor.de\/en\/cookie-policyeu\/?amp;preview=true\">COOKIE POLICY(EU)<\/a><\/p>\n[\/et_pb_text][\/et_pb_column][\/et_pb_row][\/et_pb_section]\n","protected":false},"excerpt":{"rendered":"<p>The Weller technologyis an innovative and internationally patented process for the manufacturing of rotating electrical machines.The inventor Traugott Weller &nbsp; The trained television technician was employed at Geophysik Leipzig after graduating and worked in the field of digital electronics and development of radiometric measurement technology. When he was young, he was recognised by the Lord [&hellip;]<\/p>\n","protected":false},"author":1,"featured_media":0,"parent":0,"menu_order":0,"comment_status":"closed","ping_status":"closed","template":"","meta":{"_et_pb_use_builder":"on","_et_pb_old_content":"","_et_gb_content_width":"","loftloader_page_shortcode":"","footnotes":""},"class_list":["post-979","page","type-page","status-publish","hentry"],"yoast_head":"<!-- This site is optimized with the Yoast SEO plugin v25.5 - https:\/\/yoast.com\/wordpress\/plugins\/seo\/ -->\n<title>Inventor-Traugott Weller - Patent des Wellermotors<\/title>\n<meta name=\"robots\" content=\"index, follow, max-snippet:-1, max-image-preview:large, max-video-preview:-1\" \/>\n<link rel=\"canonical\" href=\"https:\/\/wellermotor.de\/en\/the-inventor\/\" \/>\n<meta property=\"og:locale\" content=\"en_US\" \/>\n<meta property=\"og:type\" content=\"article\" \/>\n<meta property=\"og:title\" content=\"Inventor-Traugott Weller - Patent des Wellermotors\" \/>\n<meta property=\"og:description\" content=\"The Weller technologyis an innovative and internationally patented process for the manufacturing of rotating electrical machines.The inventor Traugott Weller &nbsp; The trained television technician was employed at Geophysik Leipzig after graduating and worked in the field of digital electronics and development of radiometric measurement technology. When he was young, he was recognised by the Lord [&hellip;]\" \/>\n<meta property=\"og:url\" content=\"https:\/\/wellermotor.de\/en\/the-inventor\/\" \/>\n<meta property=\"og:site_name\" content=\"Patent des Wellermotors\" \/>\n<meta property=\"article:modified_time\" content=\"2020-09-23T11:49:28+00:00\" \/>\n<meta name=\"twitter:card\" content=\"summary_large_image\" \/>\n<meta name=\"twitter:label1\" content=\"Est. reading time\" \/>\n\t<meta name=\"twitter:data1\" content=\"4 minutes\" \/>\n<script type=\"application\/ld+json\" class=\"yoast-schema-graph\">{\"@context\":\"https:\/\/schema.org\",\"@graph\":[{\"@type\":\"WebPage\",\"@id\":\"https:\/\/wellermotor.de\/en\/the-inventor\/\",\"url\":\"https:\/\/wellermotor.de\/en\/the-inventor\/\",\"name\":\"Inventor-Traugott Weller - Patent des Wellermotors\",\"isPartOf\":{\"@id\":\"https:\/\/wellermotor.de\/en\/#website\"},\"datePublished\":\"2020-03-02T15:02:12+00:00\",\"dateModified\":\"2020-09-23T11:49:28+00:00\",\"breadcrumb\":{\"@id\":\"https:\/\/wellermotor.de\/en\/the-inventor\/#breadcrumb\"},\"inLanguage\":\"en-US\",\"potentialAction\":[{\"@type\":\"ReadAction\",\"target\":[\"https:\/\/wellermotor.de\/en\/the-inventor\/\"]}]},{\"@type\":\"BreadcrumbList\",\"@id\":\"https:\/\/wellermotor.de\/en\/the-inventor\/#breadcrumb\",\"itemListElement\":[{\"@type\":\"ListItem\",\"position\":1,\"name\":\"Home\",\"item\":\"https:\/\/wellermotor.de\/\"},{\"@type\":\"ListItem\",\"position\":2,\"name\":\"Inventor-Traugott Weller\"}]},{\"@type\":\"WebSite\",\"@id\":\"https:\/\/wellermotor.de\/en\/#website\",\"url\":\"https:\/\/wellermotor.de\/en\/\",\"name\":\"Patent des Wellermotors\",\"description\":\"Das Wirkungsprinzip der Weller-Technologie erkl\u00e4rt\",\"publisher\":{\"@id\":\"https:\/\/wellermotor.de\/en\/#\/schema\/person\/aa64021aae7d6a5ceec45095a733b656\"},\"potentialAction\":[{\"@type\":\"SearchAction\",\"target\":{\"@type\":\"EntryPoint\",\"urlTemplate\":\"https:\/\/wellermotor.de\/en\/?s={search_term_string}\"},\"query-input\":{\"@type\":\"PropertyValueSpecification\",\"valueRequired\":true,\"valueName\":\"search_term_string\"}}],\"inLanguage\":\"en-US\"},{\"@type\":[\"Person\",\"Organization\"],\"@id\":\"https:\/\/wellermotor.de\/en\/#\/schema\/person\/aa64021aae7d6a5ceec45095a733b656\",\"name\":\"Traugott-Weller\",\"image\":{\"@type\":\"ImageObject\",\"inLanguage\":\"en-US\",\"@id\":\"https:\/\/wellermotor.de\/en\/#\/schema\/person\/image\/\",\"url\":\"https:\/\/wellermotor.de\/wp-content\/uploads\/2020\/01\/Favikon.jpg\",\"contentUrl\":\"https:\/\/wellermotor.de\/wp-content\/uploads\/2020\/01\/Favikon.jpg\",\"width\":515,\"height\":529,\"caption\":\"Traugott-Weller\"},\"logo\":{\"@id\":\"https:\/\/wellermotor.de\/en\/#\/schema\/person\/image\/\"}}]}<\/script>\n<!-- \/ Yoast SEO plugin. -->","yoast_head_json":{"title":"Inventor-Traugott Weller - Patent des Wellermotors","robots":{"index":"index","follow":"follow","max-snippet":"max-snippet:-1","max-image-preview":"max-image-preview:large","max-video-preview":"max-video-preview:-1"},"canonical":"https:\/\/wellermotor.de\/en\/the-inventor\/","og_locale":"en_US","og_type":"article","og_title":"Inventor-Traugott Weller - Patent des Wellermotors","og_description":"The Weller technologyis an innovative and internationally patented process for the manufacturing of rotating electrical machines.The inventor Traugott Weller &nbsp; The trained television technician was employed at Geophysik Leipzig after graduating and worked in the field of digital electronics and development of radiometric measurement technology. When he was young, he was recognised by the Lord [&hellip;]","og_url":"https:\/\/wellermotor.de\/en\/the-inventor\/","og_site_name":"Patent des Wellermotors","article_modified_time":"2020-09-23T11:49:28+00:00","twitter_card":"summary_large_image","twitter_misc":{"Est. reading time":"4 minutes"},"schema":{"@context":"https:\/\/schema.org","@graph":[{"@type":"WebPage","@id":"https:\/\/wellermotor.de\/en\/the-inventor\/","url":"https:\/\/wellermotor.de\/en\/the-inventor\/","name":"Inventor-Traugott Weller - Patent des Wellermotors","isPartOf":{"@id":"https:\/\/wellermotor.de\/en\/#website"},"datePublished":"2020-03-02T15:02:12+00:00","dateModified":"2020-09-23T11:49:28+00:00","breadcrumb":{"@id":"https:\/\/wellermotor.de\/en\/the-inventor\/#breadcrumb"},"inLanguage":"en-US","potentialAction":[{"@type":"ReadAction","target":["https:\/\/wellermotor.de\/en\/the-inventor\/"]}]},{"@type":"BreadcrumbList","@id":"https:\/\/wellermotor.de\/en\/the-inventor\/#breadcrumb","itemListElement":[{"@type":"ListItem","position":1,"name":"Home","item":"https:\/\/wellermotor.de\/"},{"@type":"ListItem","position":2,"name":"Inventor-Traugott Weller"}]},{"@type":"WebSite","@id":"https:\/\/wellermotor.de\/en\/#website","url":"https:\/\/wellermotor.de\/en\/","name":"Patent des Wellermotors","description":"Das Wirkungsprinzip der Weller-Technologie erkl\u00e4rt","publisher":{"@id":"https:\/\/wellermotor.de\/en\/#\/schema\/person\/aa64021aae7d6a5ceec45095a733b656"},"potentialAction":[{"@type":"SearchAction","target":{"@type":"EntryPoint","urlTemplate":"https:\/\/wellermotor.de\/en\/?s={search_term_string}"},"query-input":{"@type":"PropertyValueSpecification","valueRequired":true,"valueName":"search_term_string"}}],"inLanguage":"en-US"},{"@type":["Person","Organization"],"@id":"https:\/\/wellermotor.de\/en\/#\/schema\/person\/aa64021aae7d6a5ceec45095a733b656","name":"Traugott-Weller","image":{"@type":"ImageObject","inLanguage":"en-US","@id":"https:\/\/wellermotor.de\/en\/#\/schema\/person\/image\/","url":"https:\/\/wellermotor.de\/wp-content\/uploads\/2020\/01\/Favikon.jpg","contentUrl":"https:\/\/wellermotor.de\/wp-content\/uploads\/2020\/01\/Favikon.jpg","width":515,"height":529,"caption":"Traugott-Weller"},"logo":{"@id":"https:\/\/wellermotor.de\/en\/#\/schema\/person\/image\/"}}]}},"_links":{"self":[{"href":"https:\/\/wellermotor.de\/en\/wp-json\/wp\/v2\/pages\/979","targetHints":{"allow":["GET"]}}],"collection":[{"href":"https:\/\/wellermotor.de\/en\/wp-json\/wp\/v2\/pages"}],"about":[{"href":"https:\/\/wellermotor.de\/en\/wp-json\/wp\/v2\/types\/page"}],"author":[{"embeddable":true,"href":"https:\/\/wellermotor.de\/en\/wp-json\/wp\/v2\/users\/1"}],"replies":[{"embeddable":true,"href":"https:\/\/wellermotor.de\/en\/wp-json\/wp\/v2\/comments?post=979"}],"version-history":[{"count":5,"href":"https:\/\/wellermotor.de\/en\/wp-json\/wp\/v2\/pages\/979\/revisions"}],"predecessor-version":[{"id":1116,"href":"https:\/\/wellermotor.de\/en\/wp-json\/wp\/v2\/pages\/979\/revisions\/1116"}],"wp:attachment":[{"href":"https:\/\/wellermotor.de\/en\/wp-json\/wp\/v2\/media?parent=979"}],"curies":[{"name":"wp","href":"https:\/\/api.w.org\/{rel}","templated":true}]}}